{"id":5078,"date":"2022-02-07T20:18:20","date_gmt":"2022-02-07T20:18:20","guid":{"rendered":"https:\/\/www.lyntik.co\/?page_id=5078"},"modified":"2024-06-05T20:58:29","modified_gmt":"2024-06-05T20:58:29","slug":"caso-de-exito-serentia","status":"publish","type":"page","link":"https:\/\/lyntik.co\/blog\/caso-de-exito-serentia\/","title":{"rendered":"Caso de \u00e9xito: Serentia"},"content":{"rendered":"\t\t<div data-elementor-type=\"wp-page\" data-elementor-id=\"5078\" class=\"elementor elementor-5078\" data-elementor-post-type=\"page\">\n\t\t\t\t\t\t<section class=\"elementor-section elementor-top-section elementor-element elementor-element-7b20de98 elementor-section-boxed elementor-section-height-default elementor-section-height-default\" data-id=\"7b20de98\" data-element_type=\"section\" data-e-type=\"section\">\n\t\t\t\t\t\t<div class=\"elementor-container elementor-column-gap-default\">\n\t\t\t\t\t<div class=\"elementor-column elementor-col-100 elementor-top-column elementor-element elementor-element-5b49ef64\" data-id=\"5b49ef64\" data-element_type=\"column\" data-e-type=\"column\">\n\t\t\t<div class=\"elementor-widget-wrap elementor-element-populated\">\n\t\t\t\t\t\t<div class=\"elementor-element elementor-element-330a765a elementor-widget elementor-widget-text-editor\" data-id=\"330a765a\" data-element_type=\"widget\" data-e-type=\"widget\" data-widget_type=\"text-editor.default\">\n\t\t\t\t<div class=\"elementor-widget-container\">\n\t\t\t\t\t\t\t\t\t<p><strong><span style=\"color: #0e2b3d; font-family: Inter, sans-serif; font-size: 2.5rem; letter-spacing: 0px;\">Organizaci\u00f3n Serentia Seguros \u2013 Una Verdadera Organizaci\u00f3n<\/span><\/strong><\/p>\t\t\t\t\t\t\t\t<\/div>\n\t\t\t\t<\/div>\n\t\t\t\t\t<\/div>\n\t\t<\/div>\n\t\t\t\t\t<\/div>\n\t\t<\/section>\n\t\t\t\t<section class=\"elementor-section elementor-top-section elementor-element elementor-element-4004a7f elementor-section-boxed elementor-section-height-default elementor-section-height-default\" data-id=\"4004a7f\" data-element_type=\"section\" data-e-type=\"section\">\n\t\t\t\t\t\t<div class=\"elementor-container elementor-column-gap-default\">\n\t\t\t\t\t<div class=\"elementor-column elementor-col-100 elementor-top-column elementor-element elementor-element-3969c27\" data-id=\"3969c27\" data-element_type=\"column\" data-e-type=\"column\">\n\t\t\t<div class=\"elementor-widget-wrap elementor-element-populated\">\n\t\t\t\t\t\t<div class=\"elementor-element elementor-element-ad937ec elementor-widget elementor-widget-text-editor\" data-id=\"ad937ec\" data-element_type=\"widget\" data-e-type=\"widget\" data-widget_type=\"text-editor.default\">\n\t\t\t\t<div class=\"elementor-widget-container\">\n\t\t\t\t\t\t\t\t\t<p><strong><a href=\"https:\/\/serentia.co\/\">SERENTIA SEGUROS<\/a><\/strong>\u00a0es una de las m\u00e1s grandes agencias corredoras de seguros en Medell\u00edn. Es una organizaci\u00f3n con m\u00e1s de 40 a\u00f1os de trayectoria estructurando soluciones de seguros que respaldan el crecimiento y el alcance de objetivos estrat\u00e9gicos de las compa\u00f1\u00edas m\u00e1s grandes e influyentes de diversos sectores de la econom\u00eda colombiana.<\/p><p>Con el crecimiento del negocio de p\u00f3lizas llegan nuevos retos, principalmente internos, para darle orden, sin reprocesos a las solicitudes de sus clientes. Ingresando una nueva operaci\u00f3n que implicaba un incremento muy considerable en la emisi\u00f3n de p\u00f3lizas de unos de los productos o ramos principales.<\/p>\t\t\t\t\t\t\t\t<\/div>\n\t\t\t\t<\/div>\n\t\t\t\t\t<\/div>\n\t\t<\/div>\n\t\t\t\t\t<\/div>\n\t\t<\/section>\n\t\t\t\t<section class=\"elementor-section elementor-top-section elementor-element elementor-element-3ceeffe elementor-section-boxed elementor-section-height-default elementor-section-height-default\" data-id=\"3ceeffe\" data-element_type=\"section\" data-e-type=\"section\">\n\t\t\t\t\t\t<div class=\"elementor-container elementor-column-gap-default\">\n\t\t\t\t\t<div class=\"elementor-column elementor-col-100 elementor-top-column elementor-element elementor-element-20eeb75\" data-id=\"20eeb75\" data-element_type=\"column\" data-e-type=\"column\">\n\t\t\t<div class=\"elementor-widget-wrap elementor-element-populated\">\n\t\t\t\t\t\t<div class=\"elementor-element elementor-element-41b97bb elementor-widget elementor-widget-image\" data-id=\"41b97bb\" data-element_type=\"widget\" data-e-type=\"widget\" data-widget_type=\"image.default\">\n\t\t\t\t<div class=\"elementor-widget-container\">\n\t\t\t\t\t\t\t\t\t\t\t\t\t\t\t<img fetchpriority=\"high\" decoding=\"async\" width=\"1200\" height=\"300\" src=\"https:\/\/lyntik.co\/blog\/wp-content\/uploads\/2022\/02\/Copia-de-El-futuro-de-la-industria-de-los-mercados-de-capital-10.webp\" class=\"attachment-2048x2048 size-2048x2048 wp-image-5081\" alt=\"\" srcset=\"https:\/\/lyntik.co\/blog\/wp-content\/uploads\/2022\/02\/Copia-de-El-futuro-de-la-industria-de-los-mercados-de-capital-10.webp 1200w, https:\/\/lyntik.co\/blog\/wp-content\/uploads\/2022\/02\/Copia-de-El-futuro-de-la-industria-de-los-mercados-de-capital-10-300x75.webp 300w, https:\/\/lyntik.co\/blog\/wp-content\/uploads\/2022\/02\/Copia-de-El-futuro-de-la-industria-de-los-mercados-de-capital-10-1024x256.webp 1024w, https:\/\/lyntik.co\/blog\/wp-content\/uploads\/2022\/02\/Copia-de-El-futuro-de-la-industria-de-los-mercados-de-capital-10-768x192.webp 768w, https:\/\/lyntik.co\/blog\/wp-content\/uploads\/2022\/02\/Copia-de-El-futuro-de-la-industria-de-los-mercados-de-capital-10-350x88.webp 350w, https:\/\/lyntik.co\/blog\/wp-content\/uploads\/2022\/02\/Copia-de-El-futuro-de-la-industria-de-los-mercados-de-capital-10-540x135.webp 540w, https:\/\/lyntik.co\/blog\/wp-content\/uploads\/2022\/02\/Copia-de-El-futuro-de-la-industria-de-los-mercados-de-capital-10-920x230.webp 920w, https:\/\/lyntik.co\/blog\/wp-content\/uploads\/2022\/02\/Copia-de-El-futuro-de-la-industria-de-los-mercados-de-capital-10-730x183.webp 730w, https:\/\/lyntik.co\/blog\/wp-content\/uploads\/2022\/02\/Copia-de-El-futuro-de-la-industria-de-los-mercados-de-capital-10-500x125.webp 500w\" sizes=\"(max-width: 1200px) 100vw, 1200px\" \/>\t\t\t\t\t\t\t\t\t\t\t\t\t\t\t<\/div>\n\t\t\t\t<\/div>\n\t\t\t\t\t<\/div>\n\t\t<\/div>\n\t\t\t\t\t<\/div>\n\t\t<\/section>\n\t\t\t\t<section class=\"elementor-section elementor-top-section elementor-element elementor-element-2e0fe9d elementor-section-boxed elementor-section-height-default elementor-section-height-default\" data-id=\"2e0fe9d\" data-element_type=\"section\" data-e-type=\"section\">\n\t\t\t\t\t\t<div class=\"elementor-container elementor-column-gap-default\">\n\t\t\t\t\t<div class=\"elementor-column elementor-col-50 elementor-top-column elementor-element elementor-element-c503b51\" data-id=\"c503b51\" data-element_type=\"column\" data-e-type=\"column\">\n\t\t\t<div class=\"elementor-widget-wrap elementor-element-populated\">\n\t\t\t\t\t\t<div class=\"elementor-element elementor-element-8fe43e2 elementor-widget elementor-widget-text-editor\" data-id=\"8fe43e2\" data-element_type=\"widget\" data-e-type=\"widget\" data-widget_type=\"text-editor.default\">\n\t\t\t\t<div class=\"elementor-widget-container\">\n\t\t\t\t\t\t\t\t\t<p><strong>La carga operativa, los reprocesos y los flujos de comunicaci\u00f3n estaban colapsando.<\/strong>\u00a0Evidenciando que los procesos y capacidad de atenci\u00f3n a los clientes requer\u00edan una modificaci\u00f3n.<\/p><p>La compa\u00f1\u00eda puede contratar m\u00e1s colaboradores para agilizar procesos manuales establecidos, tambi\u00e9n puede reestructurar su proceso con nuevas tareas, manteniendo la gesti\u00f3n completamente manual.\u00a0<strong>La tercera soluci\u00f3n es enfocada en la transformaci\u00f3n digital, incluyendo tecnolog\u00eda que permita mejorar tiempos, evitar reprocesos y mejorar completamente los flujos de informaci\u00f3n y documentaci\u00f3n dentro de la compa\u00f1\u00eda.<\/strong><\/p>\t\t\t\t\t\t\t\t<\/div>\n\t\t\t\t<\/div>\n\t\t\t\t\t<\/div>\n\t\t<\/div>\n\t\t\t\t<div class=\"elementor-column elementor-col-50 elementor-top-column elementor-element elementor-element-dfa39c9\" data-id=\"dfa39c9\" data-element_type=\"column\" data-e-type=\"column\">\n\t\t\t<div class=\"elementor-widget-wrap elementor-element-populated\">\n\t\t\t\t\t\t<div class=\"elementor-element elementor-element-d23f3a5 elementor-widget elementor-widget-image\" data-id=\"d23f3a5\" data-element_type=\"widget\" data-e-type=\"widget\" data-widget_type=\"image.default\">\n\t\t\t\t<div class=\"elementor-widget-container\">\n\t\t\t\t\t\t\t\t\t\t\t\t\t\t\t<img decoding=\"async\" width=\"600\" height=\"300\" src=\"https:\/\/lyntik.co\/blog\/wp-content\/uploads\/2022\/02\/Copia-de-El-futuro-de-la-industria-de-los-mercados-de-capital-11.webp\" class=\"attachment-large size-large wp-image-5083\" alt=\"\" srcset=\"https:\/\/lyntik.co\/blog\/wp-content\/uploads\/2022\/02\/Copia-de-El-futuro-de-la-industria-de-los-mercados-de-capital-11.webp 600w, https:\/\/lyntik.co\/blog\/wp-content\/uploads\/2022\/02\/Copia-de-El-futuro-de-la-industria-de-los-mercados-de-capital-11-300x150.webp 300w, https:\/\/lyntik.co\/blog\/wp-content\/uploads\/2022\/02\/Copia-de-El-futuro-de-la-industria-de-los-mercados-de-capital-11-350x175.webp 350w, https:\/\/lyntik.co\/blog\/wp-content\/uploads\/2022\/02\/Copia-de-El-futuro-de-la-industria-de-los-mercados-de-capital-11-540x270.webp 540w, https:\/\/lyntik.co\/blog\/wp-content\/uploads\/2022\/02\/Copia-de-El-futuro-de-la-industria-de-los-mercados-de-capital-11-500x250.webp 500w\" sizes=\"(max-width: 600px) 100vw, 600px\" \/>\t\t\t\t\t\t\t\t\t\t\t\t\t\t\t<\/div>\n\t\t\t\t<\/div>\n\t\t\t\t\t<\/div>\n\t\t<\/div>\n\t\t\t\t\t<\/div>\n\t\t<\/section>\n\t\t\t\t<section class=\"elementor-section elementor-top-section elementor-element elementor-element-48d2fa1 elementor-section-boxed elementor-section-height-default elementor-section-height-default\" data-id=\"48d2fa1\" data-element_type=\"section\" data-e-type=\"section\">\n\t\t\t\t\t\t<div class=\"elementor-container elementor-column-gap-default\">\n\t\t\t\t\t<div class=\"elementor-column elementor-col-50 elementor-top-column elementor-element elementor-element-5fe8930\" data-id=\"5fe8930\" data-element_type=\"column\" data-e-type=\"column\">\n\t\t\t<div class=\"elementor-widget-wrap elementor-element-populated\">\n\t\t\t\t\t\t<div class=\"elementor-element elementor-element-f62051f elementor-widget elementor-widget-image\" data-id=\"f62051f\" data-element_type=\"widget\" data-e-type=\"widget\" data-widget_type=\"image.default\">\n\t\t\t\t<div class=\"elementor-widget-container\">\n\t\t\t\t\t\t\t\t\t\t\t\t\t\t\t<img decoding=\"async\" width=\"600\" height=\"300\" src=\"https:\/\/lyntik.co\/blog\/wp-content\/uploads\/2022\/02\/Copia-de-El-futuro-de-la-industria-de-los-mercados-de-capital-12.webp\" class=\"attachment-large size-large wp-image-5084\" alt=\"\" srcset=\"https:\/\/lyntik.co\/blog\/wp-content\/uploads\/2022\/02\/Copia-de-El-futuro-de-la-industria-de-los-mercados-de-capital-12.webp 600w, https:\/\/lyntik.co\/blog\/wp-content\/uploads\/2022\/02\/Copia-de-El-futuro-de-la-industria-de-los-mercados-de-capital-12-300x150.webp 300w, https:\/\/lyntik.co\/blog\/wp-content\/uploads\/2022\/02\/Copia-de-El-futuro-de-la-industria-de-los-mercados-de-capital-12-350x175.webp 350w, https:\/\/lyntik.co\/blog\/wp-content\/uploads\/2022\/02\/Copia-de-El-futuro-de-la-industria-de-los-mercados-de-capital-12-540x270.webp 540w, https:\/\/lyntik.co\/blog\/wp-content\/uploads\/2022\/02\/Copia-de-El-futuro-de-la-industria-de-los-mercados-de-capital-12-500x250.webp 500w\" sizes=\"(max-width: 600px) 100vw, 600px\" \/>\t\t\t\t\t\t\t\t\t\t\t\t\t\t\t<\/div>\n\t\t\t\t<\/div>\n\t\t\t\t\t<\/div>\n\t\t<\/div>\n\t\t\t\t<div class=\"elementor-column elementor-col-50 elementor-top-column elementor-element elementor-element-734c62b\" data-id=\"734c62b\" data-element_type=\"column\" data-e-type=\"column\">\n\t\t\t<div class=\"elementor-widget-wrap elementor-element-populated\">\n\t\t\t\t\t\t<div class=\"elementor-element elementor-element-e07b464 elementor-widget elementor-widget-text-editor\" data-id=\"e07b464\" data-element_type=\"widget\" data-e-type=\"widget\" data-widget_type=\"text-editor.default\">\n\t\t\t\t<div class=\"elementor-widget-container\">\n\t\t\t\t\t\t\t\t\t<p>La Organizaci\u00f3n SERENTIA opt\u00f3 por hacer una verdadera organizaci\u00f3n en sus procesos internos con tecnolog\u00eda para satisfacci\u00f3n interna y de sus clientes. Gracias a esa decisi\u00f3n conocieron nuestra aplicaci\u00f3n\u00a0<strong>Sherpaths BPM<\/strong>, iniciando un proceso de implementaci\u00f3n y transformaci\u00f3n digital de procesos.<\/p><p>Implementar una tecnolog\u00eda\u00a0<strong>BPM<\/strong>\u00a0en tiempo r\u00e9cord implica conocer y comprender r\u00e1pidamente la arquitectura del proceso, de identificar c\u00f3mo se ve el flujo de actividades actualmente, cu\u00e1ntas \u00e1reas y personas est\u00e1n involucradas en la toma de decisiones.<\/p>\t\t\t\t\t\t\t\t<\/div>\n\t\t\t\t<\/div>\n\t\t\t\t\t<\/div>\n\t\t<\/div>\n\t\t\t\t\t<\/div>\n\t\t<\/section>\n\t\t\t\t<section class=\"elementor-section elementor-top-section elementor-element elementor-element-d25c24b elementor-section-boxed elementor-section-height-default elementor-section-height-default\" data-id=\"d25c24b\" data-element_type=\"section\" data-e-type=\"section\">\n\t\t\t\t\t\t<div class=\"elementor-container elementor-column-gap-default\">\n\t\t\t\t\t<div class=\"elementor-column elementor-col-100 elementor-top-column elementor-element elementor-element-3fa5025\" data-id=\"3fa5025\" data-element_type=\"column\" data-e-type=\"column\">\n\t\t\t<div class=\"elementor-widget-wrap elementor-element-populated\">\n\t\t\t\t\t\t<div class=\"elementor-element elementor-element-d80f86b elementor-widget elementor-widget-text-editor\" data-id=\"d80f86b\" data-element_type=\"widget\" data-e-type=\"widget\" data-widget_type=\"text-editor.default\">\n\t\t\t\t<div class=\"elementor-widget-container\">\n\t\t\t\t\t\t\t\t\t<p>Adem\u00e1s de la rapidez en el proceso de implementaci\u00f3n que fue en cuesti\u00f3n de semanas, fue esencial el correcto funcionamiento porque se convierte en una aplicaci\u00f3n de tipo core para que las firmas hagan mejor sus procesos, sean m\u00e1s eficientes en su operaci\u00f3n y por lo tanto crezcan de una manera organizada.<\/p><p>Gracias a\u00a0<strong>Sherpaths<\/strong>\u00a0el \u00edndice de insatisfacciones en el flujo de comunicaciones disminuy\u00f3 de forma considerable y ya no cuentan con reprocesos en las \u00e1reas operaciones asociadas a dicha operaci\u00f3n.<\/p>\t\t\t\t\t\t\t\t<\/div>\n\t\t\t\t<\/div>\n\t\t\t\t\t<\/div>\n\t\t<\/div>\n\t\t\t\t\t<\/div>\n\t\t<\/section>\n\t\t\t\t<section class=\"elementor-section elementor-top-section elementor-element elementor-element-818d122 elementor-section-boxed elementor-section-height-default elementor-section-height-default\" data-id=\"818d122\" data-element_type=\"section\" data-e-type=\"section\">\n\t\t\t\t\t\t<div class=\"elementor-container elementor-column-gap-default\">\n\t\t\t\t\t<div class=\"elementor-column elementor-col-50 elementor-top-column elementor-element elementor-element-eefaa67\" data-id=\"eefaa67\" data-element_type=\"column\" data-e-type=\"column\">\n\t\t\t<div class=\"elementor-widget-wrap elementor-element-populated\">\n\t\t\t\t\t\t<div class=\"elementor-element elementor-element-e86c9fa elementor-widget elementor-widget-video\" data-id=\"e86c9fa\" data-element_type=\"widget\" data-e-type=\"widget\" data-settings=\"{&quot;youtube_url&quot;:&quot;https:\\\/\\\/www.youtube.com\\\/watch?v=j1Gpd_Ax8DM&quot;,&quot;video_type&quot;:&quot;youtube&quot;,&quot;controls&quot;:&quot;yes&quot;}\" data-widget_type=\"video.default\">\n\t\t\t\t<div class=\"elementor-widget-container\">\n\t\t\t\t\t\t\t<div class=\"elementor-wrapper elementor-open-inline\">\n\t\t\t<div class=\"elementor-video\"><\/div>\t\t<\/div>\n\t\t\t\t\t\t<\/div>\n\t\t\t\t<\/div>\n\t\t\t\t\t<\/div>\n\t\t<\/div>\n\t\t\t\t<div class=\"elementor-column elementor-col-50 elementor-top-column elementor-element elementor-element-4f87edf\" data-id=\"4f87edf\" data-element_type=\"column\" data-e-type=\"column\">\n\t\t\t<div class=\"elementor-widget-wrap elementor-element-populated\">\n\t\t\t\t\t\t<div class=\"elementor-element elementor-element-a20c1b9 elementor-widget elementor-widget-image\" data-id=\"a20c1b9\" data-element_type=\"widget\" data-e-type=\"widget\" data-widget_type=\"image.default\">\n\t\t\t\t<div class=\"elementor-widget-container\">\n\t\t\t\t\t\t\t\t\t\t\t\t\t\t\t<img loading=\"lazy\" decoding=\"async\" width=\"560\" height=\"315\" src=\"https:\/\/lyntik.co\/blog\/wp-content\/uploads\/2022\/02\/Copia-de-El-futuro-de-la-industria-de-los-mercados-de-capital-1.webp\" class=\"attachment-large size-large wp-image-5085\" alt=\"\" srcset=\"https:\/\/lyntik.co\/blog\/wp-content\/uploads\/2022\/02\/Copia-de-El-futuro-de-la-industria-de-los-mercados-de-capital-1.webp 560w, https:\/\/lyntik.co\/blog\/wp-content\/uploads\/2022\/02\/Copia-de-El-futuro-de-la-industria-de-los-mercados-de-capital-1-300x169.webp 300w, https:\/\/lyntik.co\/blog\/wp-content\/uploads\/2022\/02\/Copia-de-El-futuro-de-la-industria-de-los-mercados-de-capital-1-350x197.webp 350w, https:\/\/lyntik.co\/blog\/wp-content\/uploads\/2022\/02\/Copia-de-El-futuro-de-la-industria-de-los-mercados-de-capital-1-540x304.webp 540w, https:\/\/lyntik.co\/blog\/wp-content\/uploads\/2022\/02\/Copia-de-El-futuro-de-la-industria-de-los-mercados-de-capital-1-500x281.webp 500w\" sizes=\"(max-width: 560px) 100vw, 560px\" \/>\t\t\t\t\t\t\t\t\t\t\t\t\t\t\t<\/div>\n\t\t\t\t<\/div>\n\t\t\t\t\t<\/div>\n\t\t<\/div>\n\t\t\t\t\t<\/div>\n\t\t<\/section>\n\t\t\t\t<\/div>\n\t\t<!-- AddThis Advanced Settings generic via filter on the_content --><!-- AddThis Share Buttons generic via filter on the_content -->","protected":false},"excerpt":{"rendered":"<p>Organizaci\u00f3n Serentia Seguros \u2013 Una Verdadera Organizaci\u00f3n SERENTIA SEGUROS\u00a0es una de las m\u00e1s grandes agencias corredoras de seguros en Medell\u00edn. Es una organizaci\u00f3n con m\u00e1s [&hellip;]<!-- AddThis Advanced Settings generic via filter on get_the_excerpt --><!-- AddThis Share Buttons generic via filter on get_the_excerpt --><\/p>\n","protected":false},"author":2,"featured_media":0,"parent":0,"menu_order":0,"comment_status":"closed","ping_status":"closed","template":"page-templates\/pages.php","meta":{"footnotes":""},"class_list":["post-5078","page","type-page","status-publish","hentry"],"yoast_head":"<!-- This site is optimized with the Yoast SEO plugin v27.1.1 - https:\/\/yoast.com\/product\/yoast-seo-wordpress\/ -->\n<title>Caso de \u00e9xito: Serentia - Blog lyntik<\/title>\n<meta name=\"robots\" content=\"index, follow, max-snippet:-1, max-image-preview:large, max-video-preview:-1\" \/>\n<link rel=\"canonical\" href=\"https:\/\/lyntik.co\/blog\/caso-de-exito-serentia\/\" \/>\n<meta property=\"og:locale\" content=\"es_ES\" \/>\n<meta property=\"og:type\" content=\"article\" \/>\n<meta property=\"og:title\" content=\"Caso de \u00e9xito: Serentia - Blog lyntik\" \/>\n<meta property=\"og:description\" content=\"Organizaci\u00f3n Serentia Seguros \u2013 Una Verdadera Organizaci\u00f3n SERENTIA SEGUROS\u00a0es una de las m\u00e1s grandes agencias corredoras de seguros en Medell\u00edn. Es una organizaci\u00f3n con m\u00e1s [&hellip;]\" \/>\n<meta property=\"og:url\" content=\"https:\/\/lyntik.co\/blog\/caso-de-exito-serentia\/\" \/>\n<meta property=\"og:site_name\" content=\"Blog lyntik\" \/>\n<meta property=\"article:modified_time\" content=\"2024-06-05T20:58:29+00:00\" \/>\n<meta property=\"og:image\" content=\"https:\/\/lyntik.co\/blog\/wp-content\/uploads\/2022\/02\/Copia-de-El-futuro-de-la-industria-de-los-mercados-de-capital-10.webp\" \/>\n\t<meta property=\"og:image:width\" content=\"1200\" \/>\n\t<meta property=\"og:image:height\" content=\"300\" \/>\n\t<meta property=\"og:image:type\" content=\"image\/webp\" \/>\n<meta name=\"twitter:card\" content=\"summary_large_image\" \/>\n<meta name=\"twitter:label1\" content=\"Tiempo de lectura\" \/>\n\t<meta name=\"twitter:data1\" content=\"3 minutos\" \/>\n<script type=\"application\/ld+json\" class=\"yoast-schema-graph\">{\"@context\":\"https:\/\/schema.org\",\"@graph\":[{\"@type\":\"WebPage\",\"@id\":\"https:\/\/lyntik.co\/blog\/caso-de-exito-serentia\/\",\"url\":\"https:\/\/lyntik.co\/blog\/caso-de-exito-serentia\/\",\"name\":\"Caso de \u00e9xito: Serentia - Blog lyntik\",\"isPartOf\":{\"@id\":\"https:\/\/lyntik.co\/blog\/#website\"},\"primaryImageOfPage\":{\"@id\":\"https:\/\/lyntik.co\/blog\/caso-de-exito-serentia\/#primaryimage\"},\"image\":{\"@id\":\"https:\/\/lyntik.co\/blog\/caso-de-exito-serentia\/#primaryimage\"},\"thumbnailUrl\":\"https:\/\/lyntik.co\/blog\/wp-content\/uploads\/2022\/02\/Copia-de-El-futuro-de-la-industria-de-los-mercados-de-capital-10.webp\",\"datePublished\":\"2022-02-07T20:18:20+00:00\",\"dateModified\":\"2024-06-05T20:58:29+00:00\",\"breadcrumb\":{\"@id\":\"https:\/\/lyntik.co\/blog\/caso-de-exito-serentia\/#breadcrumb\"},\"inLanguage\":\"es\",\"potentialAction\":[{\"@type\":\"ReadAction\",\"target\":[\"https:\/\/lyntik.co\/blog\/caso-de-exito-serentia\/\"]}]},{\"@type\":\"ImageObject\",\"inLanguage\":\"es\",\"@id\":\"https:\/\/lyntik.co\/blog\/caso-de-exito-serentia\/#primaryimage\",\"url\":\"https:\/\/lyntik.co\/blog\/wp-content\/uploads\/2022\/02\/Copia-de-El-futuro-de-la-industria-de-los-mercados-de-capital-10.webp\",\"contentUrl\":\"https:\/\/lyntik.co\/blog\/wp-content\/uploads\/2022\/02\/Copia-de-El-futuro-de-la-industria-de-los-mercados-de-capital-10.webp\",\"width\":1200,\"height\":300},{\"@type\":\"BreadcrumbList\",\"@id\":\"https:\/\/lyntik.co\/blog\/caso-de-exito-serentia\/#breadcrumb\",\"itemListElement\":[{\"@type\":\"ListItem\",\"position\":1,\"name\":\"Portada\",\"item\":\"https:\/\/lyntik.co\/blog\/\"},{\"@type\":\"ListItem\",\"position\":2,\"name\":\"Caso de \u00e9xito: Serentia\"}]},{\"@type\":\"WebSite\",\"@id\":\"https:\/\/lyntik.co\/blog\/#website\",\"url\":\"https:\/\/lyntik.co\/blog\/\",\"name\":\"Blog lyntik\",\"description\":\"Blog lyntik\",\"potentialAction\":[{\"@type\":\"SearchAction\",\"target\":{\"@type\":\"EntryPoint\",\"urlTemplate\":\"https:\/\/lyntik.co\/blog\/?s={search_term_string}\"},\"query-input\":{\"@type\":\"PropertyValueSpecification\",\"valueRequired\":true,\"valueName\":\"search_term_string\"}}],\"inLanguage\":\"es\"}]}<\/script>\n<!-- \/ Yoast SEO plugin. -->","yoast_head_json":{"title":"Caso de \u00e9xito: Serentia - Blog lyntik","robots":{"index":"index","follow":"follow","max-snippet":"max-snippet:-1","max-image-preview":"max-image-preview:large","max-video-preview":"max-video-preview:-1"},"canonical":"https:\/\/lyntik.co\/blog\/caso-de-exito-serentia\/","og_locale":"es_ES","og_type":"article","og_title":"Caso de \u00e9xito: Serentia - Blog lyntik","og_description":"Organizaci\u00f3n Serentia Seguros \u2013 Una Verdadera Organizaci\u00f3n SERENTIA SEGUROS\u00a0es una de las m\u00e1s grandes agencias corredoras de seguros en Medell\u00edn. Es una organizaci\u00f3n con m\u00e1s [&hellip;]","og_url":"https:\/\/lyntik.co\/blog\/caso-de-exito-serentia\/","og_site_name":"Blog lyntik","article_modified_time":"2024-06-05T20:58:29+00:00","og_image":[{"width":1200,"height":300,"url":"https:\/\/lyntik.co\/blog\/wp-content\/uploads\/2022\/02\/Copia-de-El-futuro-de-la-industria-de-los-mercados-de-capital-10.webp","type":"image\/webp"}],"twitter_card":"summary_large_image","twitter_misc":{"Tiempo de lectura":"3 minutos"},"schema":{"@context":"https:\/\/schema.org","@graph":[{"@type":"WebPage","@id":"https:\/\/lyntik.co\/blog\/caso-de-exito-serentia\/","url":"https:\/\/lyntik.co\/blog\/caso-de-exito-serentia\/","name":"Caso de \u00e9xito: Serentia - Blog lyntik","isPartOf":{"@id":"https:\/\/lyntik.co\/blog\/#website"},"primaryImageOfPage":{"@id":"https:\/\/lyntik.co\/blog\/caso-de-exito-serentia\/#primaryimage"},"image":{"@id":"https:\/\/lyntik.co\/blog\/caso-de-exito-serentia\/#primaryimage"},"thumbnailUrl":"https:\/\/lyntik.co\/blog\/wp-content\/uploads\/2022\/02\/Copia-de-El-futuro-de-la-industria-de-los-mercados-de-capital-10.webp","datePublished":"2022-02-07T20:18:20+00:00","dateModified":"2024-06-05T20:58:29+00:00","breadcrumb":{"@id":"https:\/\/lyntik.co\/blog\/caso-de-exito-serentia\/#breadcrumb"},"inLanguage":"es","potentialAction":[{"@type":"ReadAction","target":["https:\/\/lyntik.co\/blog\/caso-de-exito-serentia\/"]}]},{"@type":"ImageObject","inLanguage":"es","@id":"https:\/\/lyntik.co\/blog\/caso-de-exito-serentia\/#primaryimage","url":"https:\/\/lyntik.co\/blog\/wp-content\/uploads\/2022\/02\/Copia-de-El-futuro-de-la-industria-de-los-mercados-de-capital-10.webp","contentUrl":"https:\/\/lyntik.co\/blog\/wp-content\/uploads\/2022\/02\/Copia-de-El-futuro-de-la-industria-de-los-mercados-de-capital-10.webp","width":1200,"height":300},{"@type":"BreadcrumbList","@id":"https:\/\/lyntik.co\/blog\/caso-de-exito-serentia\/#breadcrumb","itemListElement":[{"@type":"ListItem","position":1,"name":"Portada","item":"https:\/\/lyntik.co\/blog\/"},{"@type":"ListItem","position":2,"name":"Caso de \u00e9xito: Serentia"}]},{"@type":"WebSite","@id":"https:\/\/lyntik.co\/blog\/#website","url":"https:\/\/lyntik.co\/blog\/","name":"Blog lyntik","description":"Blog lyntik","potentialAction":[{"@type":"SearchAction","target":{"@type":"EntryPoint","urlTemplate":"https:\/\/lyntik.co\/blog\/?s={search_term_string}"},"query-input":{"@type":"PropertyValueSpecification","valueRequired":true,"valueName":"search_term_string"}}],"inLanguage":"es"}]}},"_links":{"self":[{"href":"https:\/\/lyntik.co\/blog\/wp-json\/wp\/v2\/pages\/5078","targetHints":{"allow":["GET"]}}],"collection":[{"href":"https:\/\/lyntik.co\/blog\/wp-json\/wp\/v2\/pages"}],"about":[{"href":"https:\/\/lyntik.co\/blog\/wp-json\/wp\/v2\/types\/page"}],"author":[{"embeddable":true,"href":"https:\/\/lyntik.co\/blog\/wp-json\/wp\/v2\/users\/2"}],"replies":[{"embeddable":true,"href":"https:\/\/lyntik.co\/blog\/wp-json\/wp\/v2\/comments?post=5078"}],"version-history":[{"count":3,"href":"https:\/\/lyntik.co\/blog\/wp-json\/wp\/v2\/pages\/5078\/revisions"}],"predecessor-version":[{"id":6119,"href":"https:\/\/lyntik.co\/blog\/wp-json\/wp\/v2\/pages\/5078\/revisions\/6119"}],"wp:attachment":[{"href":"https:\/\/lyntik.co\/blog\/wp-json\/wp\/v2\/media?parent=5078"}],"curies":[{"name":"wp","href":"https:\/\/api.w.org\/{rel}","templated":true}]}}