{"id":5105,"date":"2022-02-07T22:55:35","date_gmt":"2022-02-07T22:55:35","guid":{"rendered":"https:\/\/www.lyntik.co\/?page_id=5105"},"modified":"2024-06-05T20:43:13","modified_gmt":"2024-06-05T20:43:13","slug":"caso-de-exito-herratec","status":"publish","type":"page","link":"https:\/\/lyntik.co\/blog\/caso-de-exito-herratec\/","title":{"rendered":"Caso de \u00e9xito: Herratec"},"content":{"rendered":"\t\t<div data-elementor-type=\"wp-page\" data-elementor-id=\"5105\" class=\"elementor elementor-5105\" data-elementor-post-type=\"page\">\n\t\t\t\t\t\t<section class=\"elementor-section elementor-top-section elementor-element elementor-element-34fbb23 elementor-section-boxed elementor-section-height-default elementor-section-height-default\" data-id=\"34fbb23\" data-element_type=\"section\" data-e-type=\"section\">\n\t\t\t\t\t\t<div class=\"elementor-container elementor-column-gap-default\">\n\t\t\t\t\t<div class=\"elementor-column elementor-col-100 elementor-top-column elementor-element elementor-element-64384625\" data-id=\"64384625\" data-element_type=\"column\" data-e-type=\"column\">\n\t\t\t<div class=\"elementor-widget-wrap elementor-element-populated\">\n\t\t\t\t\t\t<div class=\"elementor-element elementor-element-6031d715 elementor-widget elementor-widget-text-editor\" data-id=\"6031d715\" data-element_type=\"widget\" data-e-type=\"widget\" data-widget_type=\"text-editor.default\">\n\t\t\t\t<div class=\"elementor-widget-container\">\n\t\t\t\t\t\t\t\t\t<h1 class=\"vc_custom_heading\"><strong>La transformaci\u00f3n tecnol\u00f3gica de Herratec<\/strong><\/h1>\t\t\t\t\t\t\t\t<\/div>\n\t\t\t\t<\/div>\n\t\t\t\t\t<\/div>\n\t\t<\/div>\n\t\t\t\t\t<\/div>\n\t\t<\/section>\n\t\t\t\t<section class=\"elementor-section elementor-top-section elementor-element elementor-element-f04f72b elementor-section-boxed elementor-section-height-default elementor-section-height-default\" data-id=\"f04f72b\" data-element_type=\"section\" data-e-type=\"section\">\n\t\t\t\t\t\t<div class=\"elementor-container elementor-column-gap-default\">\n\t\t\t\t\t<div class=\"elementor-column elementor-col-100 elementor-top-column elementor-element elementor-element-d8fe9b0\" data-id=\"d8fe9b0\" data-element_type=\"column\" data-e-type=\"column\">\n\t\t\t<div class=\"elementor-widget-wrap elementor-element-populated\">\n\t\t\t\t\t\t<div class=\"elementor-element elementor-element-507953c elementor-widget elementor-widget-image\" data-id=\"507953c\" data-element_type=\"widget\" data-e-type=\"widget\" data-widget_type=\"image.default\">\n\t\t\t\t<div class=\"elementor-widget-container\">\n\t\t\t\t\t\t\t\t\t\t\t\t\t\t\t<img fetchpriority=\"high\" decoding=\"async\" width=\"1200\" height=\"300\" src=\"https:\/\/lyntik.co\/blog\/wp-content\/uploads\/2022\/02\/Copia-de-El-futuro-de-la-industria-de-los-mercados-de-capital-7.webp\" class=\"attachment-2048x2048 size-2048x2048 wp-image-5108\" alt=\"\" srcset=\"https:\/\/lyntik.co\/blog\/wp-content\/uploads\/2022\/02\/Copia-de-El-futuro-de-la-industria-de-los-mercados-de-capital-7.webp 1200w, https:\/\/lyntik.co\/blog\/wp-content\/uploads\/2022\/02\/Copia-de-El-futuro-de-la-industria-de-los-mercados-de-capital-7-300x75.webp 300w, https:\/\/lyntik.co\/blog\/wp-content\/uploads\/2022\/02\/Copia-de-El-futuro-de-la-industria-de-los-mercados-de-capital-7-1024x256.webp 1024w, https:\/\/lyntik.co\/blog\/wp-content\/uploads\/2022\/02\/Copia-de-El-futuro-de-la-industria-de-los-mercados-de-capital-7-768x192.webp 768w, https:\/\/lyntik.co\/blog\/wp-content\/uploads\/2022\/02\/Copia-de-El-futuro-de-la-industria-de-los-mercados-de-capital-7-350x88.webp 350w, https:\/\/lyntik.co\/blog\/wp-content\/uploads\/2022\/02\/Copia-de-El-futuro-de-la-industria-de-los-mercados-de-capital-7-540x135.webp 540w, https:\/\/lyntik.co\/blog\/wp-content\/uploads\/2022\/02\/Copia-de-El-futuro-de-la-industria-de-los-mercados-de-capital-7-920x230.webp 920w, https:\/\/lyntik.co\/blog\/wp-content\/uploads\/2022\/02\/Copia-de-El-futuro-de-la-industria-de-los-mercados-de-capital-7-730x183.webp 730w, https:\/\/lyntik.co\/blog\/wp-content\/uploads\/2022\/02\/Copia-de-El-futuro-de-la-industria-de-los-mercados-de-capital-7-500x125.webp 500w\" sizes=\"(max-width: 1200px) 100vw, 1200px\" \/>\t\t\t\t\t\t\t\t\t\t\t\t\t\t\t<\/div>\n\t\t\t\t<\/div>\n\t\t\t\t\t<\/div>\n\t\t<\/div>\n\t\t\t\t\t<\/div>\n\t\t<\/section>\n\t\t\t\t<section class=\"elementor-section elementor-top-section elementor-element elementor-element-5adf49d elementor-section-boxed elementor-section-height-default elementor-section-height-default\" data-id=\"5adf49d\" data-element_type=\"section\" data-e-type=\"section\">\n\t\t\t\t\t\t<div class=\"elementor-container elementor-column-gap-default\">\n\t\t\t\t\t<div class=\"elementor-column elementor-col-50 elementor-top-column elementor-element elementor-element-0686f6b\" data-id=\"0686f6b\" data-element_type=\"column\" data-e-type=\"column\">\n\t\t\t<div class=\"elementor-widget-wrap elementor-element-populated\">\n\t\t\t\t\t\t<div class=\"elementor-element elementor-element-6cb88f8 elementor-widget elementor-widget-text-editor\" data-id=\"6cb88f8\" data-element_type=\"widget\" data-e-type=\"widget\" data-widget_type=\"text-editor.default\">\n\t\t\t\t<div class=\"elementor-widget-container\">\n\t\t\t\t\t\t\t\t\t<p>Durante 3 a\u00f1os lidiaron con desarrollos internos, con incidentes de conceptualizaci\u00f3n y arquitectura.\u00a0<span class=\"JsGRdQ\">Desafortunadamente no lograron alcanzar la conceptualizaci\u00f3n y el proyecto se estanc\u00f3.<\/span><\/p><p>HERRATEC lleg\u00f3 a Lyntik a finales del a\u00f1o 2019 con un problema claro:\u00a0<strong>el proyecto le estaba quedando grande a los desarrolladores que hab\u00edan contratado y despu\u00e9s de 3 a\u00f1os no se ve\u00eda el avance que deseaban y necesitaban.<\/strong><\/p><p>Lo primero que hicimos en Lyntik fue un\u00a0<strong>diagn\u00f3stico detallado con un estatus del proyecto que estaban desarrollando<\/strong>. El avance en 3 a\u00f1os estaba en un 20%.<\/p>\t\t\t\t\t\t\t\t<\/div>\n\t\t\t\t<\/div>\n\t\t\t\t\t<\/div>\n\t\t<\/div>\n\t\t\t\t<div class=\"elementor-column elementor-col-50 elementor-top-column elementor-element elementor-element-d9d48a7\" data-id=\"d9d48a7\" data-element_type=\"column\" data-e-type=\"column\">\n\t\t\t<div class=\"elementor-widget-wrap elementor-element-populated\">\n\t\t\t\t\t\t<div class=\"elementor-element elementor-element-770dd7f elementor-widget elementor-widget-image\" data-id=\"770dd7f\" data-element_type=\"widget\" data-e-type=\"widget\" data-widget_type=\"image.default\">\n\t\t\t\t<div class=\"elementor-widget-container\">\n\t\t\t\t\t\t\t\t\t\t\t\t\t\t\t<img decoding=\"async\" width=\"600\" height=\"300\" src=\"https:\/\/lyntik.co\/blog\/wp-content\/uploads\/2022\/02\/Copia-de-El-futuro-de-la-industria-de-los-mercados-de-capital-5.webp\" class=\"attachment-large size-large wp-image-5109\" alt=\"\" srcset=\"https:\/\/lyntik.co\/blog\/wp-content\/uploads\/2022\/02\/Copia-de-El-futuro-de-la-industria-de-los-mercados-de-capital-5.webp 600w, https:\/\/lyntik.co\/blog\/wp-content\/uploads\/2022\/02\/Copia-de-El-futuro-de-la-industria-de-los-mercados-de-capital-5-300x150.webp 300w, https:\/\/lyntik.co\/blog\/wp-content\/uploads\/2022\/02\/Copia-de-El-futuro-de-la-industria-de-los-mercados-de-capital-5-350x175.webp 350w, https:\/\/lyntik.co\/blog\/wp-content\/uploads\/2022\/02\/Copia-de-El-futuro-de-la-industria-de-los-mercados-de-capital-5-540x270.webp 540w, https:\/\/lyntik.co\/blog\/wp-content\/uploads\/2022\/02\/Copia-de-El-futuro-de-la-industria-de-los-mercados-de-capital-5-500x250.webp 500w\" sizes=\"(max-width: 600px) 100vw, 600px\" \/>\t\t\t\t\t\t\t\t\t\t\t\t\t\t\t<\/div>\n\t\t\t\t<\/div>\n\t\t\t\t\t<\/div>\n\t\t<\/div>\n\t\t\t\t\t<\/div>\n\t\t<\/section>\n\t\t\t\t<section class=\"elementor-section elementor-top-section elementor-element elementor-element-5fe626e elementor-section-boxed elementor-section-height-default elementor-section-height-default\" data-id=\"5fe626e\" data-element_type=\"section\" data-e-type=\"section\">\n\t\t\t\t\t\t<div class=\"elementor-container elementor-column-gap-default\">\n\t\t\t\t\t<div class=\"elementor-column elementor-col-50 elementor-top-column elementor-element elementor-element-09126f2\" data-id=\"09126f2\" data-element_type=\"column\" data-e-type=\"column\">\n\t\t\t<div class=\"elementor-widget-wrap elementor-element-populated\">\n\t\t\t\t\t\t<div class=\"elementor-element elementor-element-09bd26f elementor-widget elementor-widget-image\" data-id=\"09bd26f\" data-element_type=\"widget\" data-e-type=\"widget\" data-widget_type=\"image.default\">\n\t\t\t\t<div class=\"elementor-widget-container\">\n\t\t\t\t\t\t\t\t\t\t\t\t\t\t\t<img decoding=\"async\" width=\"600\" height=\"300\" src=\"https:\/\/lyntik.co\/blog\/wp-content\/uploads\/2022\/02\/Copia-de-El-futuro-de-la-industria-de-los-mercados-de-capital-6.webp\" class=\"attachment-large size-large wp-image-5110\" alt=\"\" srcset=\"https:\/\/lyntik.co\/blog\/wp-content\/uploads\/2022\/02\/Copia-de-El-futuro-de-la-industria-de-los-mercados-de-capital-6.webp 600w, https:\/\/lyntik.co\/blog\/wp-content\/uploads\/2022\/02\/Copia-de-El-futuro-de-la-industria-de-los-mercados-de-capital-6-300x150.webp 300w, https:\/\/lyntik.co\/blog\/wp-content\/uploads\/2022\/02\/Copia-de-El-futuro-de-la-industria-de-los-mercados-de-capital-6-350x175.webp 350w, https:\/\/lyntik.co\/blog\/wp-content\/uploads\/2022\/02\/Copia-de-El-futuro-de-la-industria-de-los-mercados-de-capital-6-540x270.webp 540w, https:\/\/lyntik.co\/blog\/wp-content\/uploads\/2022\/02\/Copia-de-El-futuro-de-la-industria-de-los-mercados-de-capital-6-500x250.webp 500w\" sizes=\"(max-width: 600px) 100vw, 600px\" \/>\t\t\t\t\t\t\t\t\t\t\t\t\t\t\t<\/div>\n\t\t\t\t<\/div>\n\t\t\t\t\t<\/div>\n\t\t<\/div>\n\t\t\t\t<div class=\"elementor-column elementor-col-50 elementor-top-column elementor-element elementor-element-11dfbf0\" data-id=\"11dfbf0\" data-element_type=\"column\" data-e-type=\"column\">\n\t\t\t<div class=\"elementor-widget-wrap elementor-element-populated\">\n\t\t\t\t\t\t<div class=\"elementor-element elementor-element-0eca9b8 elementor-widget elementor-widget-text-editor\" data-id=\"0eca9b8\" data-element_type=\"widget\" data-e-type=\"widget\" data-widget_type=\"text-editor.default\">\n\t\t\t\t<div class=\"elementor-widget-container\">\n\t\t\t\t\t\t\t\t\t<p>La necesidad puntual era el desarrollo de un Ecommerce a la medida de todo su negocio que fuera la punta de lanza de toda su transformaci\u00f3n digital, pero inicialmente se deb\u00eda adelantar un\u00a0<strong>rescate de informaci\u00f3n desde el proveedor antiguo.<\/strong><\/p><p>Se inici\u00f3 el desarrollo del Ecommerce con tres urgencias: que fuera robusto, muy r\u00e1pido y que permitiera una administraci\u00f3n muy flexible, es decir, que tuviera mucha independencia para HERRATEC configurar sus productos.<\/p>\t\t\t\t\t\t\t\t<\/div>\n\t\t\t\t<\/div>\n\t\t\t\t\t<\/div>\n\t\t<\/div>\n\t\t\t\t\t<\/div>\n\t\t<\/section>\n\t\t\t\t<section class=\"elementor-section elementor-top-section elementor-element elementor-element-da49717 elementor-section-boxed elementor-section-height-default elementor-section-height-default\" data-id=\"da49717\" data-element_type=\"section\" data-e-type=\"section\">\n\t\t\t\t\t\t<div class=\"elementor-container elementor-column-gap-default\">\n\t\t\t\t\t<div class=\"elementor-column elementor-col-100 elementor-top-column elementor-element elementor-element-efe9e7a\" data-id=\"efe9e7a\" data-element_type=\"column\" data-e-type=\"column\">\n\t\t\t<div class=\"elementor-widget-wrap elementor-element-populated\">\n\t\t\t\t\t\t<div class=\"elementor-element elementor-element-171c2da elementor-widget elementor-widget-text-editor\" data-id=\"171c2da\" data-element_type=\"widget\" data-e-type=\"widget\" data-widget_type=\"text-editor.default\">\n\t\t\t\t<div class=\"elementor-widget-container\">\n\t\t\t\t\t\t\t\t\t<p style=\"font-family: inter, sans-serif;\">Para Lyntik era un proyecto retador porque se trataba de dise\u00f1ar, desarrollar e implementar todo como lo requer\u00eda HERRATEC en un tiempo r\u00e9cord de 30 d\u00edas. Cosa que no hab\u00edan podido hacer en 3 a\u00f1os de trabajo.<\/p><p style=\"margin-bottom: 0px; font-family: inter, sans-serif;\"><span style=\"font-weight: 900;\">La plataforma es robusta, tiene m\u00e1s de 3.ooo productos<\/span>, con un cat\u00e1logo de miles de fotos, videos y todo en un ambiente de mucha rapidez tecnol\u00f3gica y soporte inmediato. Lo puedes ver en\u00a0<a href=\"http:\/\/www.herratec.com.co\/\">www.herratec.com.co<\/a><\/p>\t\t\t\t\t\t\t\t<\/div>\n\t\t\t\t<\/div>\n\t\t\t\t\t<\/div>\n\t\t<\/div>\n\t\t\t\t\t<\/div>\n\t\t<\/section>\n\t\t\t\t<section class=\"elementor-section elementor-top-section elementor-element elementor-element-839f880 elementor-section-boxed elementor-section-height-default elementor-section-height-default\" data-id=\"839f880\" data-element_type=\"section\" data-e-type=\"section\">\n\t\t\t\t\t\t<div class=\"elementor-container elementor-column-gap-default\">\n\t\t\t\t\t<div class=\"elementor-column elementor-col-50 elementor-top-column elementor-element elementor-element-ea13294\" data-id=\"ea13294\" data-element_type=\"column\" data-e-type=\"column\">\n\t\t\t<div class=\"elementor-widget-wrap elementor-element-populated\">\n\t\t\t\t\t\t<div class=\"elementor-element elementor-element-dab4a67 elementor-widget elementor-widget-video\" data-id=\"dab4a67\" data-element_type=\"widget\" data-e-type=\"widget\" data-settings=\"{&quot;youtube_url&quot;:&quot;https:\\\/\\\/www.youtube.com\\\/watch?v=b7XFutgokz0&quot;,&quot;video_type&quot;:&quot;youtube&quot;,&quot;controls&quot;:&quot;yes&quot;}\" data-widget_type=\"video.default\">\n\t\t\t\t<div class=\"elementor-widget-container\">\n\t\t\t\t\t\t\t<div class=\"elementor-wrapper elementor-open-inline\">\n\t\t\t<div class=\"elementor-video\"><\/div>\t\t<\/div>\n\t\t\t\t\t\t<\/div>\n\t\t\t\t<\/div>\n\t\t\t\t\t<\/div>\n\t\t<\/div>\n\t\t\t\t<div class=\"elementor-column elementor-col-50 elementor-top-column elementor-element elementor-element-d4016b8\" data-id=\"d4016b8\" data-element_type=\"column\" data-e-type=\"column\">\n\t\t\t<div class=\"elementor-widget-wrap elementor-element-populated\">\n\t\t\t\t\t\t<div class=\"elementor-element elementor-element-73c1c07 elementor-widget elementor-widget-image\" data-id=\"73c1c07\" data-element_type=\"widget\" data-e-type=\"widget\" data-widget_type=\"image.default\">\n\t\t\t\t<div class=\"elementor-widget-container\">\n\t\t\t\t\t\t\t\t\t\t\t\t\t\t\t<img loading=\"lazy\" decoding=\"async\" width=\"560\" height=\"315\" src=\"https:\/\/lyntik.co\/blog\/wp-content\/uploads\/2022\/02\/Copia-de-El-futuro-de-la-industria-de-los-mercados-de-capital-9.webp\" class=\"attachment-large size-large wp-image-5111\" alt=\"\" srcset=\"https:\/\/lyntik.co\/blog\/wp-content\/uploads\/2022\/02\/Copia-de-El-futuro-de-la-industria-de-los-mercados-de-capital-9.webp 560w, https:\/\/lyntik.co\/blog\/wp-content\/uploads\/2022\/02\/Copia-de-El-futuro-de-la-industria-de-los-mercados-de-capital-9-300x169.webp 300w, https:\/\/lyntik.co\/blog\/wp-content\/uploads\/2022\/02\/Copia-de-El-futuro-de-la-industria-de-los-mercados-de-capital-9-350x197.webp 350w, https:\/\/lyntik.co\/blog\/wp-content\/uploads\/2022\/02\/Copia-de-El-futuro-de-la-industria-de-los-mercados-de-capital-9-540x304.webp 540w, https:\/\/lyntik.co\/blog\/wp-content\/uploads\/2022\/02\/Copia-de-El-futuro-de-la-industria-de-los-mercados-de-capital-9-500x281.webp 500w\" sizes=\"(max-width: 560px) 100vw, 560px\" \/>\t\t\t\t\t\t\t\t\t\t\t\t\t\t\t<\/div>\n\t\t\t\t<\/div>\n\t\t\t\t\t<\/div>\n\t\t<\/div>\n\t\t\t\t\t<\/div>\n\t\t<\/section>\n\t\t\t\t<\/div>\n\t\t<!-- AddThis Advanced Settings generic via filter on the_content --><!-- AddThis Share Buttons generic via filter on the_content -->","protected":false},"excerpt":{"rendered":"<p>La transformaci\u00f3n tecnol\u00f3gica de Herratec Durante 3 a\u00f1os lidiaron con desarrollos internos, con incidentes de conceptualizaci\u00f3n y arquitectura.\u00a0Desafortunadamente no lograron alcanzar la conceptualizaci\u00f3n y el [&hellip;]<!-- AddThis Advanced Settings generic via filter on get_the_excerpt --><!-- AddThis Share Buttons generic via filter on get_the_excerpt --><\/p>\n","protected":false},"author":2,"featured_media":0,"parent":0,"menu_order":0,"comment_status":"closed","ping_status":"closed","template":"page-templates\/pages.php","meta":{"footnotes":""},"class_list":["post-5105","page","type-page","status-publish","hentry"],"yoast_head":"<!-- This site is optimized with the Yoast SEO plugin v27.1.1 - https:\/\/yoast.com\/product\/yoast-seo-wordpress\/ -->\n<title>Caso de \u00e9xito: Herratec - Blog lyntik<\/title>\n<meta name=\"robots\" content=\"index, follow, max-snippet:-1, max-image-preview:large, max-video-preview:-1\" \/>\n<link rel=\"canonical\" href=\"https:\/\/lyntik.co\/blog\/caso-de-exito-herratec\/\" \/>\n<meta property=\"og:locale\" content=\"es_ES\" \/>\n<meta property=\"og:type\" content=\"article\" \/>\n<meta property=\"og:title\" content=\"Caso de \u00e9xito: Herratec - Blog lyntik\" \/>\n<meta property=\"og:description\" content=\"La transformaci\u00f3n tecnol\u00f3gica de Herratec Durante 3 a\u00f1os lidiaron con desarrollos internos, con incidentes de conceptualizaci\u00f3n y arquitectura.\u00a0Desafortunadamente no lograron alcanzar la conceptualizaci\u00f3n y el [&hellip;]\" \/>\n<meta property=\"og:url\" content=\"https:\/\/lyntik.co\/blog\/caso-de-exito-herratec\/\" \/>\n<meta property=\"og:site_name\" content=\"Blog lyntik\" \/>\n<meta property=\"article:modified_time\" content=\"2024-06-05T20:43:13+00:00\" \/>\n<meta property=\"og:image\" content=\"https:\/\/lyntik.co\/blog\/wp-content\/uploads\/2022\/02\/Copia-de-El-futuro-de-la-industria-de-los-mercados-de-capital-7.webp\" \/>\n\t<meta property=\"og:image:width\" content=\"1200\" \/>\n\t<meta property=\"og:image:height\" content=\"300\" \/>\n\t<meta property=\"og:image:type\" content=\"image\/webp\" \/>\n<meta name=\"twitter:card\" content=\"summary_large_image\" \/>\n<meta name=\"twitter:label1\" content=\"Tiempo de lectura\" \/>\n\t<meta name=\"twitter:data1\" content=\"2 minutos\" \/>\n<script type=\"application\/ld+json\" class=\"yoast-schema-graph\">{\"@context\":\"https:\/\/schema.org\",\"@graph\":[{\"@type\":\"WebPage\",\"@id\":\"https:\/\/lyntik.co\/blog\/caso-de-exito-herratec\/\",\"url\":\"https:\/\/lyntik.co\/blog\/caso-de-exito-herratec\/\",\"name\":\"Caso de \u00e9xito: Herratec - Blog lyntik\",\"isPartOf\":{\"@id\":\"https:\/\/lyntik.co\/blog\/#website\"},\"primaryImageOfPage\":{\"@id\":\"https:\/\/lyntik.co\/blog\/caso-de-exito-herratec\/#primaryimage\"},\"image\":{\"@id\":\"https:\/\/lyntik.co\/blog\/caso-de-exito-herratec\/#primaryimage\"},\"thumbnailUrl\":\"https:\/\/lyntik.co\/blog\/wp-content\/uploads\/2022\/02\/Copia-de-El-futuro-de-la-industria-de-los-mercados-de-capital-7.webp\",\"datePublished\":\"2022-02-07T22:55:35+00:00\",\"dateModified\":\"2024-06-05T20:43:13+00:00\",\"breadcrumb\":{\"@id\":\"https:\/\/lyntik.co\/blog\/caso-de-exito-herratec\/#breadcrumb\"},\"inLanguage\":\"es\",\"potentialAction\":[{\"@type\":\"ReadAction\",\"target\":[\"https:\/\/lyntik.co\/blog\/caso-de-exito-herratec\/\"]}]},{\"@type\":\"ImageObject\",\"inLanguage\":\"es\",\"@id\":\"https:\/\/lyntik.co\/blog\/caso-de-exito-herratec\/#primaryimage\",\"url\":\"https:\/\/lyntik.co\/blog\/wp-content\/uploads\/2022\/02\/Copia-de-El-futuro-de-la-industria-de-los-mercados-de-capital-7.webp\",\"contentUrl\":\"https:\/\/lyntik.co\/blog\/wp-content\/uploads\/2022\/02\/Copia-de-El-futuro-de-la-industria-de-los-mercados-de-capital-7.webp\",\"width\":1200,\"height\":300},{\"@type\":\"BreadcrumbList\",\"@id\":\"https:\/\/lyntik.co\/blog\/caso-de-exito-herratec\/#breadcrumb\",\"itemListElement\":[{\"@type\":\"ListItem\",\"position\":1,\"name\":\"Portada\",\"item\":\"https:\/\/lyntik.co\/blog\/\"},{\"@type\":\"ListItem\",\"position\":2,\"name\":\"Caso de \u00e9xito: Herratec\"}]},{\"@type\":\"WebSite\",\"@id\":\"https:\/\/lyntik.co\/blog\/#website\",\"url\":\"https:\/\/lyntik.co\/blog\/\",\"name\":\"Blog lyntik\",\"description\":\"Blog lyntik\",\"potentialAction\":[{\"@type\":\"SearchAction\",\"target\":{\"@type\":\"EntryPoint\",\"urlTemplate\":\"https:\/\/lyntik.co\/blog\/?s={search_term_string}\"},\"query-input\":{\"@type\":\"PropertyValueSpecification\",\"valueRequired\":true,\"valueName\":\"search_term_string\"}}],\"inLanguage\":\"es\"}]}<\/script>\n<!-- \/ Yoast SEO plugin. -->","yoast_head_json":{"title":"Caso de \u00e9xito: Herratec - Blog lyntik","robots":{"index":"index","follow":"follow","max-snippet":"max-snippet:-1","max-image-preview":"max-image-preview:large","max-video-preview":"max-video-preview:-1"},"canonical":"https:\/\/lyntik.co\/blog\/caso-de-exito-herratec\/","og_locale":"es_ES","og_type":"article","og_title":"Caso de \u00e9xito: Herratec - Blog lyntik","og_description":"La transformaci\u00f3n tecnol\u00f3gica de Herratec Durante 3 a\u00f1os lidiaron con desarrollos internos, con incidentes de conceptualizaci\u00f3n y arquitectura.\u00a0Desafortunadamente no lograron alcanzar la conceptualizaci\u00f3n y el [&hellip;]","og_url":"https:\/\/lyntik.co\/blog\/caso-de-exito-herratec\/","og_site_name":"Blog lyntik","article_modified_time":"2024-06-05T20:43:13+00:00","og_image":[{"width":1200,"height":300,"url":"https:\/\/lyntik.co\/blog\/wp-content\/uploads\/2022\/02\/Copia-de-El-futuro-de-la-industria-de-los-mercados-de-capital-7.webp","type":"image\/webp"}],"twitter_card":"summary_large_image","twitter_misc":{"Tiempo de lectura":"2 minutos"},"schema":{"@context":"https:\/\/schema.org","@graph":[{"@type":"WebPage","@id":"https:\/\/lyntik.co\/blog\/caso-de-exito-herratec\/","url":"https:\/\/lyntik.co\/blog\/caso-de-exito-herratec\/","name":"Caso de \u00e9xito: Herratec - Blog lyntik","isPartOf":{"@id":"https:\/\/lyntik.co\/blog\/#website"},"primaryImageOfPage":{"@id":"https:\/\/lyntik.co\/blog\/caso-de-exito-herratec\/#primaryimage"},"image":{"@id":"https:\/\/lyntik.co\/blog\/caso-de-exito-herratec\/#primaryimage"},"thumbnailUrl":"https:\/\/lyntik.co\/blog\/wp-content\/uploads\/2022\/02\/Copia-de-El-futuro-de-la-industria-de-los-mercados-de-capital-7.webp","datePublished":"2022-02-07T22:55:35+00:00","dateModified":"2024-06-05T20:43:13+00:00","breadcrumb":{"@id":"https:\/\/lyntik.co\/blog\/caso-de-exito-herratec\/#breadcrumb"},"inLanguage":"es","potentialAction":[{"@type":"ReadAction","target":["https:\/\/lyntik.co\/blog\/caso-de-exito-herratec\/"]}]},{"@type":"ImageObject","inLanguage":"es","@id":"https:\/\/lyntik.co\/blog\/caso-de-exito-herratec\/#primaryimage","url":"https:\/\/lyntik.co\/blog\/wp-content\/uploads\/2022\/02\/Copia-de-El-futuro-de-la-industria-de-los-mercados-de-capital-7.webp","contentUrl":"https:\/\/lyntik.co\/blog\/wp-content\/uploads\/2022\/02\/Copia-de-El-futuro-de-la-industria-de-los-mercados-de-capital-7.webp","width":1200,"height":300},{"@type":"BreadcrumbList","@id":"https:\/\/lyntik.co\/blog\/caso-de-exito-herratec\/#breadcrumb","itemListElement":[{"@type":"ListItem","position":1,"name":"Portada","item":"https:\/\/lyntik.co\/blog\/"},{"@type":"ListItem","position":2,"name":"Caso de \u00e9xito: Herratec"}]},{"@type":"WebSite","@id":"https:\/\/lyntik.co\/blog\/#website","url":"https:\/\/lyntik.co\/blog\/","name":"Blog lyntik","description":"Blog lyntik","potentialAction":[{"@type":"SearchAction","target":{"@type":"EntryPoint","urlTemplate":"https:\/\/lyntik.co\/blog\/?s={search_term_string}"},"query-input":{"@type":"PropertyValueSpecification","valueRequired":true,"valueName":"search_term_string"}}],"inLanguage":"es"}]}},"_links":{"self":[{"href":"https:\/\/lyntik.co\/blog\/wp-json\/wp\/v2\/pages\/5105","targetHints":{"allow":["GET"]}}],"collection":[{"href":"https:\/\/lyntik.co\/blog\/wp-json\/wp\/v2\/pages"}],"about":[{"href":"https:\/\/lyntik.co\/blog\/wp-json\/wp\/v2\/types\/page"}],"author":[{"embeddable":true,"href":"https:\/\/lyntik.co\/blog\/wp-json\/wp\/v2\/users\/2"}],"replies":[{"embeddable":true,"href":"https:\/\/lyntik.co\/blog\/wp-json\/wp\/v2\/comments?post=5105"}],"version-history":[{"count":6,"href":"https:\/\/lyntik.co\/blog\/wp-json\/wp\/v2\/pages\/5105\/revisions"}],"predecessor-version":[{"id":6110,"href":"https:\/\/lyntik.co\/blog\/wp-json\/wp\/v2\/pages\/5105\/revisions\/6110"}],"wp:attachment":[{"href":"https:\/\/lyntik.co\/blog\/wp-json\/wp\/v2\/media?parent=5105"}],"curies":[{"name":"wp","href":"https:\/\/api.w.org\/{rel}","templated":true}]}}